{"id":23609,"date":"2025-04-29T10:18:07","date_gmt":"2025-04-29T08:18:07","guid":{"rendered":"https:\/\/vrtoursofficial.com\/?page_id=23609"},"modified":"2025-05-18T10:36:03","modified_gmt":"2025-05-18T08:36:03","slug":"treasure-hunt-budapest","status":"publish","type":"page","link":"https:\/\/vrtoursofficial.com\/en\/treasure-hunt-budapest\/","title":{"rendered":"Treasure Hunt Budapest"},"content":{"rendered":"<div class=\"wpb-content-wrapper\"><p>[vc_row gap=&#8221;25&#8243; equal_height=&#8221;yes&#8221; content_placement=&#8221;middle&#8221; css=&#8221;.vc_custom_1745920963100{margin-top: 30px !important;}&#8221;][vc_column width=&#8221;1\/12&#8243; offset=&#8221;vc_col-lg-offset-2 vc_col-lg-3 vc_col-xs-offset-2 vc_col-xs-3&#8243;][vc_column_text css=&#8221;.vc_custom_1746607508753{margin-bottom: 0px !important;}&#8221;]<a href=\"https:\/\/vrtoursofficial.com\"><img loading=\"lazy\" decoding=\"async\" class=\"aligncenter wp-image-23616\" src=\"https:\/\/vrtoursofficial.com\/wp-content\/uploads\/2025\/04\/vrt_logo_cityless.svg\" alt=\"\" width=\"160\" height=\"40\" \/><\/a>[\/vc_column_text][\/vc_column][vc_column width=&#8221;1\/12&#8243; offset=&#8221;vc_col-lg-3 vc_col-xs-3&#8243;][vc_column_text css=&#8221;.vc_custom_1746607527935{margin-bottom: 0px !important;}&#8221;]<a href=\"https:\/\/www.terrahunt.com\/\" target=\"_blank\" rel=\"noopener\"><img decoding=\"async\" class=\"aligncenter wp-image-23615\" src=\"https:\/\/vrtoursofficial.com\/wp-content\/uploads\/2025\/04\/terrahunt.svg\" alt=\"\" width=\"160\" \/><\/a>[\/vc_column_text][\/vc_column][vc_column width=&#8221;1\/12&#8243; offset=&#8221;vc_col-lg-3 vc_col-xs-3&#8243;][vc_column_text css=&#8221;.vc_custom_1746607553512{margin-bottom: 0px !important;}&#8221;]<a href=\"https:\/\/www.z-agency.cz\/en-us\/\" target=\"_blank\" rel=\"noopener\"><img loading=\"lazy\" decoding=\"async\" class=\"size-full wp-image-23614 aligncenter\" src=\"https:\/\/vrtoursofficial.com\/wp-content\/uploads\/2025\/04\/z-agency.svg\" alt=\"\" width=\"160\" height=\"40\" \/><\/a>[\/vc_column_text][\/vc_column][\/vc_row][vc_row][vc_column][vc_column_text css=&#8221;&#8221;]<\/p>\n<div class=\"groups-header container\">\n<h2 class=\"vrt-highlight\">Treasure Hunt Budapest<\/h2>\n<p class=\"lead\" style=\"margin-bottom: 2rem;\"><\/div>\n<p>[\/vc_column_text][\/vc_column][\/vc_row][vc_row rtl_reverse=&#8221;yes&#8221;][vc_column]\n    <div class=\"groups-unfold-wrapper\">\n        <div class=\"container\">\n            <div class=\"groups-unfold vrt-unfold\">\n    <div class=\"unfold-slides\">\n                    <img decoding=\"async\" class=\"feature\" src=\"https:\/\/vrtoursofficial.com\/wp-content\/uploads\/2025\/05\/e3337936-0637-4526-9859-e6fa639d1780@w1000.jpg\" alt=\"\" \/>\n            <\/div>\n\n                <div class=\"unfold-body\">\n                                            <ul class=\"unfold-features\">\n                                                            <li>\n                                    <i class=\"fas fa-chevron-right\"><\/i>\n                                    <span>\n                                        <h3><\/h3>\n                                        A TerraHunt platformra \u00e9p\u00fcl\u0151 kincskeres\u0151 j\u00e1t\u00e9kunk ide\u00e1lis v\u00e1laszt\u00e1s, ha izgalmas csapat\u00e9p\u00edt\u0151 programot keresel \u00fczleti partnereknek, \u00fcgyfeleknek, konferenciar\u00e9sztvev\u0151knek, vagy ak\u00e1r oszt\u00e1lykir\u00e1ndul\u00e1shoz is t\u00f6k\u00e9letes.\n<br><br>\nA j\u00e1t\u00e9k sor\u00e1n 50 kincset kereshettek Budapest sz\u00edv\u00e9ben, melyeket a Terrahunt alkalmaz\u00e1ssal tal\u00e1lhattok meg. Az alkalmaz\u00e1s n\u00e9h\u00e1ny egyszer\u0171 l\u00e9p\u00e9ssel telep\u00edthet\u0151 IOS \u00e9s Android eszk\u00f6z\u00f6kre egyar\u00e1nt.\n<br><br>\nA j\u00e1t\u00e9k aj\u00e1nlott id\u0151tartama: 3 \u00f3ra. De ha ezt t\u00fal hossz\u00fanak tal\u00e1lj\u00e1tok, a programot r\u00e1tok tudjuk szabni.                                    <\/span>\n                                <\/li>\n                                                            <li>\n                                    <i class=\"fas fa-chevron-right\"><\/i>\n                                    <span>\n                                        <h3>Mi\u00e9rt minket v\u00e1lassz?<\/h3>\n                                        Magyarorsz\u00e1gon el\u0151sz\u00f6r k\u00edn\u00e1lunk val\u00f3s idej\u0171 kompetet\u00edv kincskeres\u0151 \u00e9lm\u00e9nyt. Ez azt jelent, hogy mik\u00f6zben a k\u00f6vetkez\u0151 kincset keresitek, l\u00e1thatj\u00e1tok, hogy a riv\u00e1lis csapatok merre j\u00e1rnak.\n<br>\nNincs is jobb \u00f6sszekov\u00e1csol\u00f3 er\u0151 egy kis verseng\u00e9sn\u00e9l! \u00c9s ha k\u00f6zben v\u00e1rost n\u00e9zn\u00e9tek \u00e9s egy kis kult\u00far\u00e1t is magatokba sz\u00edvn\u00e1tok akkor v\u00e1runk Titeket szeretettel!\n                                    <\/span>\n                                <\/li>\n                                                    <\/ul>\n                                    <\/div>\n            <\/div>\n        <\/div>\n        <div class=\"groups-unfold-under\">\n            <div class=\"container\">\n                <\/p>\n<p class=\"lead\" style=\"text-align: center;\">\u00c9rdekl\u0151dni a sales@vrtoursofficial.com e-mail c\u00edmen, vagy a +36 30 261 0848-as telefonsz\u00e1mon tudtok.<\/p>\n<div class=\"cta-block\">\n<p style=\"text-align: center;\"><a class=\"btn btn-magenta btn-cta\" href=\"mailto:sales@vrtoursofficial.com\"><i class=\"fa fa-envelope grow-fa\"><\/i>sales@vrtoursofficial.com<\/a> vagy <a class=\"btn btn-cyan btn-cta\" href=\"tel:+36302610848\"><i class=\"fa fa-phone\"><\/i>+36 30 261 0848<\/a><\/p>\n<\/div>\n<div class=\"cta-block\"><\/div>\n<p>            <\/div>\n        <\/div>\n    <\/div>\n\n\n<script>\n\n(function () {var f={};var g=\/iPhone\/i,i=\/iPod\/i,j=\/iPad\/i,k=\/\\biOS-universal(?:.+)Mac\\b\/i,h=\/\\bAndroid(?:.+)Mobile\\b\/i,m=\/Android\/i,c=\/(?:SD4930UR|\\bSilk(?:.+)Mobile\\b)\/i,d=\/Silk\/i,b=\/Windows Phone\/i,n=\/\\bWindows(?:.+)ARM\\b\/i,p=\/BlackBerry\/i,q=\/BB10\/i,s=\/Opera Mini\/i,t=\/\\b(CriOS|Chrome)(?:.+)Mobile\/i,u=\/Mobile(?:.+)Firefox\\b\/i,v=function(l){return void 0!==l&&\"MacIntel\"===l.platform&&\"number\"==typeof l.maxTouchPoints&&l.maxTouchPoints>1&&\"undefined\"==typeof MSStream};function w(l){return function($){return $.test(l)}}function x(l){var $={userAgent:\"\",platform:\"\",maxTouchPoints:0};l||\"undefined\"==typeof navigator?\"string\"==typeof l?$.userAgent=l:l&&l.userAgent&&($={userAgent:l.userAgent,platform:l.platform,maxTouchPoints:l.maxTouchPoints||0}):$={userAgent:navigator.userAgent,platform:navigator.platform,maxTouchPoints:navigator.maxTouchPoints||0};var a=$.userAgent,e=a.split(\"[FBAN\");void 0!==e[1]&&(a=e[0]),void 0!==(e=a.split(\"Twitter\"))[1]&&(a=e[0]);var r=w(a),o={apple:{phone:r(g)&&!r(b),ipod:r(i),tablet:!r(g)&&(r(j)||v($))&&!r(b),universal:r(k),device:(r(g)||r(i)||r(j)||r(k)||v($))&&!r(b)},amazon:{phone:r(c),tablet:!r(c)&&r(d),device:r(c)||r(d)},android:{phone:!r(b)&&r(c)||!r(b)&&r(h),tablet:!r(b)&&!r(c)&&!r(h)&&(r(d)||r(m)),device:!r(b)&&(r(c)||r(d)||r(h)||r(m))||r(\/\\bokhttp\\b\/i)},windows:{phone:r(b),tablet:r(n),device:r(b)||r(n)},other:{blackberry:r(p),blackberry10:r(q),opera:r(s),firefox:r(u),chrome:r(t),device:r(p)||r(q)||r(s)||r(u)||r(t)},any:!1,phone:!1,tablet:!1};return o.any=o.apple.device||o.android.device||o.windows.device||o.other.device,o.phone=o.apple.phone||o.android.phone||o.windows.phone,o.tablet=o.apple.tablet||o.android.tablet||o.windows.tablet,o}f=x();if(typeof exports===\"object\"&&typeof module!==\"undefined\"){module.exports=f}else if(typeof define===\"function\"&&define.amd){define(function(){return f})}else{this[\"isMobile\"]=f}})();\n\n    jQuery(function($) {\n\n        $(document).ready(function() {\n\n            var experience_video = {};\n\n            if (!isMobile.any) {\n\n                experience_video.sources = document.querySelectorAll('.unfold-slides video source');\n                experience_video.video = document.querySelector('.unfold-slides video');\n                for (var i = 0; i < experience_video.sources.length; i++) {\n                    experience_video.sources[i].setAttribute('src', experience_video.sources[i].getAttribute('data-src'));\n                }\n                experience_video.video.load();\n\n            } else {\n\n                $('body').addClass('is-mobile');\n                \n            }\n\n        });\n\n    });\n<\/script>\n    \n    [\/vc_column][\/vc_row]<\/p>\n<\/div>","protected":false},"excerpt":{"rendered":"<p>[vc_row gap=&#8221;25&#8243; equal_height=&#8221;yes&#8221; content_placement=&#8221;middle&#8221; css=&#8221;.vc_custom_1745920963100{margin-top: 30px !important;}&#8221;][vc_column width=&#8221;1\/12&#8243; offset=&#8221;vc_col-lg-offset-2 vc_col-lg-3 vc_col-xs-offset-2 vc_col-xs-3&#8243;][vc_column_text css=&#8221;.vc_custom_1746607508753{margin-bottom: 0px !important;}&#8221;][\/vc_column_text][\/vc_column][vc_column width=&#8221;1\/12&#8243; offset=&#8221;vc_col-lg-3 vc_col-xs-3&#8243;][vc_column_text css=&#8221;.vc_custom_1746607527935{margin-bottom: 0px !important;}&#8221;][\/vc_column_text][\/vc_column][vc_column width=&#8221;1\/12&#8243; offset=&#8221;vc_col-lg-3 vc_col-xs-3&#8243;][vc_column_text css=&#8221;.vc_custom_1746607553512{margin-bottom: 0px !important;}&#8221;][\/vc_column_text][\/vc_column][\/vc_row][vc_row][vc_column][vc_column_text css=&#8221;&#8221;] Treasure Hunt Budapest [\/vc_column_text][\/vc_column][\/vc_row][vc_row rtl_reverse=&#8221;yes&#8221;][vc_column][\/vc_column][\/vc_row]<\/p>\n","protected":false},"author":2,"featured_media":0,"parent":0,"menu_order":0,"comment_status":"closed","ping_status":"closed","template":"template-groups-landing.php","meta":{"footnotes":""},"class_list":["post-23609","page","type-page","status-publish","hentry"],"acf":[],"_links":{"self":[{"href":"https:\/\/vrtoursofficial.com\/en\/wp-json\/wp\/v2\/pages\/23609","targetHints":{"allow":["GET"]}}],"collection":[{"href":"https:\/\/vrtoursofficial.com\/en\/wp-json\/wp\/v2\/pages"}],"about":[{"href":"https:\/\/vrtoursofficial.com\/en\/wp-json\/wp\/v2\/types\/page"}],"author":[{"embeddable":true,"href":"https:\/\/vrtoursofficial.com\/en\/wp-json\/wp\/v2\/users\/2"}],"replies":[{"embeddable":true,"href":"https:\/\/vrtoursofficial.com\/en\/wp-json\/wp\/v2\/comments?post=23609"}],"version-history":[{"count":36,"href":"https:\/\/vrtoursofficial.com\/en\/wp-json\/wp\/v2\/pages\/23609\/revisions"}],"predecessor-version":[{"id":23744,"href":"https:\/\/vrtoursofficial.com\/en\/wp-json\/wp\/v2\/pages\/23609\/revisions\/23744"}],"wp:attachment":[{"href":"https:\/\/vrtoursofficial.com\/en\/wp-json\/wp\/v2\/media?parent=23609"}],"curies":[{"name":"wp","href":"https:\/\/api.w.org\/{rel}","templated":true}]}}